{"id":91,"date":"2020-08-07T03:28:15","date_gmt":"2020-08-07T03:28:15","guid":{"rendered":"http:\/\/zempol.cz\/?page_id=91"},"modified":"2022-09-13T12:14:59","modified_gmt":"2022-09-13T11:14:59","slug":"pelety","status":"publish","type":"page","link":"https:\/\/zempol.cz\/?page_id=91","title":{"rendered":"Pelety"},"content":{"rendered":"\n<p>Mezi na\u0161e nejv\u011bt\u0161\u00ed odb\u011bratele pat\u0159\u00ed firma Propelety s. r. o. , kter\u00e1&nbsp; odeb\u00edr\u00e1 cca 40 tun t\u00fddn\u011b.<br>Tak\u00e9 maloodb\u011bratel\u00e9 maj\u00ed mo\u017enost n\u00e1kupu p\u0159\u00edmo v are\u00e1lu firmy.<\/p>\n\n\n\n<p>Nab\u00edz\u00edme k prodeji agropelety pro velko i maloodb\u011bratele. Pelety jsou ur\u010deny k vyt\u00e1p\u011bn\u00ed v automatick\u00fdch kotl\u00edch na agropelety. Jsou vyr\u00e1b\u011bn\u00e9 na matricov\u00e9m lisu o pr\u016fm\u011bru 8 mm a d\u00e9lce 20-45 mm. Materi\u00e1lem pro v\u00fdrobu je seno.<\/p>\n\n\n\n<h3 class=\"has-text-align-center\">Hlavn\u00ed specifika<\/h3>\n\n\n\n<figure class=\"wp-block-table\"><table><tbody><tr><td>Materi\u00e1l<\/td><td>seno<\/td><\/tr><tr><td>Vlhkost<\/td><td>8-12%<\/td><\/tr><tr><td>V\u00fdh\u0159evnost<\/td><td>14-15 MJ\/k<\/td><\/tr><tr><td>Obsah popela<\/td><td>7-10 %<\/td><\/tr><tr><td>Objemov\u00e1 hmotnost<\/td><td>500 kg\/m3<\/td><\/tr><\/tbody><\/table><\/figure>\n\n\n\n<h3 class=\"has-text-align-center\">Cen\u00edk agropelet<\/h3>\n\n\n\n<p class=\"has-text-align-center\">Plat\u00ed od 14.9.2022<\/p>\n\n\n\n<figure class=\"wp-block-table alignwide\"><table><thead><tr><th>Zp\u016fsob balen\u00ed<\/th><th>Odebran\u00e9 mno\u017estv\u00ed<\/th><th>K\u010d\/ kg bez DPH<\/th><th>cena v\u010detn\u011b 21% DPH<\/th><\/tr><\/thead><tbody><tr><td>Voln\u011b<\/td><td>Nad 20 tun<\/td><td>5,21<\/td><td>6,30<\/td><\/tr><tr><td>Voln\u011b<\/td><td>10- 20 tun<\/td><td>5,62<\/td><td>6,80<\/td><\/tr><tr><td>BigBag cca 450 kg<\/td><td>1 a v\u00edce<\/td><td>6,20<\/td><td>7,50<\/td><\/tr><tr><td>pytle 40 kg<\/td><td>1 a v\u00edce<\/td><td>7,27<\/td><td>8,80<\/td><\/tr><tr><td>Peletov\u00e1n\u00ed vlastn\u00ed hmoty<\/td><td>Minim\u00e1ln\u011b 10t<\/td><td>4,30<\/td><td>5,20<\/td><\/tr><\/tbody><\/table><\/figure>\n\n\n\n<p><\/p>\n","protected":false},"excerpt":{"rendered":"<p>Mezi na\u0161e nejv\u011bt\u0161\u00ed odb\u011bratele pat\u0159\u00ed firma Propelety s. r. o. , kter\u00e1&nbsp; odeb\u00edr\u00e1 cca 40 tun t\u00fddn\u011b.Tak\u00e9 maloodb\u011bratel\u00e9 maj\u00ed mo\u017enost n\u00e1kupu p\u0159\u00edmo v are\u00e1lu firmy. Nab\u00edz\u00edme k prodeji agropelety pro velko i maloodb\u011bratele. Pelety jsou ur\u010deny k vyt\u00e1p\u011bn\u00ed v automatick\u00fdch kotl\u00edch na agropelety. Jsou vyr\u00e1b\u011bn\u00e9 na matricov\u00e9m lisu o pr\u016fm\u011bru 8 mm a d\u00e9lce 20-45 [&hellip;]<\/p>\n","protected":false},"author":2,"featured_media":0,"parent":0,"menu_order":0,"comment_status":"closed","ping_status":"closed","template":"","meta":[],"_links":{"self":[{"href":"https:\/\/zempol.cz\/index.php?rest_route=\/wp\/v2\/pages\/91"}],"collection":[{"href":"https:\/\/zempol.cz\/index.php?rest_route=\/wp\/v2\/pages"}],"about":[{"href":"https:\/\/zempol.cz\/index.php?rest_route=\/wp\/v2\/types\/page"}],"author":[{"embeddable":true,"href":"https:\/\/zempol.cz\/index.php?rest_route=\/wp\/v2\/users\/2"}],"replies":[{"embeddable":true,"href":"https:\/\/zempol.cz\/index.php?rest_route=%2Fwp%2Fv2%2Fcomments&post=91"}],"version-history":[{"count":17,"href":"https:\/\/zempol.cz\/index.php?rest_route=\/wp\/v2\/pages\/91\/revisions"}],"predecessor-version":[{"id":348,"href":"https:\/\/zempol.cz\/index.php?rest_route=\/wp\/v2\/pages\/91\/revisions\/348"}],"wp:attachment":[{"href":"https:\/\/zempol.cz\/index.php?rest_route=%2Fwp%2Fv2%2Fmedia&parent=91"}],"curies":[{"name":"wp","href":"https:\/\/api.w.org\/{rel}","templated":true}]}}