{"id":78,"date":"2020-08-07T02:40:12","date_gmt":"2020-08-07T02:40:12","guid":{"rendered":"http:\/\/zempol.cz\/?page_id=78"},"modified":"2021-09-07T18:21:12","modified_gmt":"2021-09-07T18:21:12","slug":"zempol-2","status":"publish","type":"page","link":"https:\/\/zempol.cz\/?page_id=78","title":{"rendered":"OZS-Zempol"},"content":{"rendered":"\n<p><strong>OZS-ZEMPOL<\/strong> s. r. o.\u00a0se s\u00eddlem ve V\u00edtkov\u011b je zem\u011bd\u011blsk\u00e1 spole\u010dnost p\u011bstuj\u00edc\u00ed<strong>\u00a0konven\u010dn\u00ed plodiny<\/strong>,\u00a0aktu\u00e1ln\u011b na 813 ha orn\u00e9 p\u016fdy.<br>Mezi hlavn\u00ed p\u011bstovan\u00e9 plodiny pr\u016fb\u011b\u017en\u011b pat\u0159\u00ed :\u00a0<strong>p\u0161enice ozim\u00e1, \u0159epka, je\u010dmen ozim\u00fd i jarn\u00ed, tritikale, ostropest\u0159ec mari\u00e1nsk\u00fd, boj\u00ednek lu\u010dn\u00ed na semeno, ho\u0159\u010dice, jetel inkarn\u00e1t,\u00a0jetel lu\u010dn\u00ed na semeno, pelu\u0161ka, vikev, cukrovk<\/strong>a<\/p>\n\n\n\n<p>Spole\u010dnost se d\u00e1le zab\u00fdv\u00e1 chovem a por\u00e1\u017ekou<strong>&nbsp;jate\u010dn\u00fdch kr\u016ft<\/strong>, kter\u00e9 chov\u00e1 na hlubok\u00e9 podest\u00fdlce na farm\u011b ve V\u00edtkov\u011b od 6. t\u00fddn\u016f  jejich st\u00e1\u0159\u00ed a\u017e do por\u00e1\u017ekov\u00e9 v\u00e1hy 17-25 kg. Tyto kr\u016fty pak prod\u00e1v\u00e1 ve dvou term\u00ednech v\u017edy p\u0159ed V\u00e1nocemi a Velikonocemi.<\/p>\n","protected":false},"excerpt":{"rendered":"<p>OZS-ZEMPOL s. r. o.\u00a0se s\u00eddlem ve V\u00edtkov\u011b je zem\u011bd\u011blsk\u00e1 spole\u010dnost p\u011bstuj\u00edc\u00ed\u00a0konven\u010dn\u00ed plodiny,\u00a0aktu\u00e1ln\u011b na 813 ha orn\u00e9 p\u016fdy.Mezi hlavn\u00ed p\u011bstovan\u00e9 plodiny pr\u016fb\u011b\u017en\u011b pat\u0159\u00ed :\u00a0p\u0161enice ozim\u00e1, \u0159epka, je\u010dmen ozim\u00fd i jarn\u00ed, tritikale, ostropest\u0159ec mari\u00e1nsk\u00fd, boj\u00ednek lu\u010dn\u00ed na semeno, ho\u0159\u010dice, jetel inkarn\u00e1t,\u00a0jetel lu\u010dn\u00ed na semeno, pelu\u0161ka, vikev, cukrovka Spole\u010dnost se d\u00e1le zab\u00fdv\u00e1 chovem a por\u00e1\u017ekou&nbsp;jate\u010dn\u00fdch kr\u016ft, kter\u00e9 chov\u00e1 [&hellip;]<\/p>\n","protected":false},"author":2,"featured_media":0,"parent":0,"menu_order":0,"comment_status":"closed","ping_status":"closed","template":"","meta":[],"_links":{"self":[{"href":"https:\/\/zempol.cz\/index.php?rest_route=\/wp\/v2\/pages\/78"}],"collection":[{"href":"https:\/\/zempol.cz\/index.php?rest_route=\/wp\/v2\/pages"}],"about":[{"href":"https:\/\/zempol.cz\/index.php?rest_route=\/wp\/v2\/types\/page"}],"author":[{"embeddable":true,"href":"https:\/\/zempol.cz\/index.php?rest_route=\/wp\/v2\/users\/2"}],"replies":[{"embeddable":true,"href":"https:\/\/zempol.cz\/index.php?rest_route=%2Fwp%2Fv2%2Fcomments&post=78"}],"version-history":[{"count":5,"href":"https:\/\/zempol.cz\/index.php?rest_route=\/wp\/v2\/pages\/78\/revisions"}],"predecessor-version":[{"id":215,"href":"https:\/\/zempol.cz\/index.php?rest_route=\/wp\/v2\/pages\/78\/revisions\/215"}],"wp:attachment":[{"href":"https:\/\/zempol.cz\/index.php?rest_route=%2Fwp%2Fv2%2Fmedia&parent=78"}],"curies":[{"name":"wp","href":"https:\/\/api.w.org\/{rel}","templated":true}]}}