{"id":75,"date":"2020-08-07T02:30:02","date_gmt":"2020-08-07T02:30:02","guid":{"rendered":"http:\/\/zempol.cz\/?page_id=75"},"modified":"2021-09-16T10:36:53","modified_gmt":"2021-09-16T10:36:53","slug":"ozs-zempol","status":"publish","type":"page","link":"https:\/\/zempol.cz\/?page_id=75","title":{"rendered":"Zempol"},"content":{"rendered":"\n<p><strong>Obchodn\u011b zem\u011bd\u011blsk\u00e1 spole\u010dnost ZEMPOL<\/strong>, spol. s r. o.\u00a0se s\u00eddlem ve V\u00edtkov\u011b\u00a0 je ekologick\u00e1 spole\u010dnost zab\u00fdvaj\u00edc\u00ed se<strong>\u00a0produkc\u00ed ekologick\u00fdch plodin<\/strong> p\u011bstovan\u00fdch\u00a0aktu\u00e1ln\u011b na\u00a0 82,18 ha orn\u00e9 p\u016fdy. Jedn\u00e1 se p\u0159ev\u00e1\u017en\u011b o produkci<strong>\u00a0\u0161paldy, \u017eita, tritikale, pohanky, ho\u0159\u010dice na semeno, ovsa, jetele na semeno, vikve a pelu\u0161ky<\/strong>.<br>D\u00e1le hospoda\u0159\u00ed na v\u00edce ne\u017e 1760 ha luk a pastvin v ekologii. Produkci na t\u00e9to p\u016fd\u011b pak prvotn\u011b vyu\u017e\u00edv\u00e1 ke zkrmov\u00e1n\u00ed skotu bez tr\u017en\u00ed produkce ml\u00e9ka. Odchov dobytka je rovn\u011b\u017e ekologick\u00fd.<br>Firma m\u00e1 pr\u016fm\u011brn\u011b 760 velk\u00fdch dobyt\u010d\u00edch jednotek\u00a0<strong>hov\u011bz\u00edho dobytka<\/strong>, p\u0159ev\u00e1\u017en\u011b plemeno Limousine a Charolais, kter\u00fd se chov\u00e1 pro maso. Zv\u00ed\u0159ata jsou v p\u0159irozen\u00fdch podm\u00ednk\u00e1ch s pastvou a ust\u00e1jen\u00edm s v\u00fdb\u011bhem. Tyto pastevn\u00ed are\u00e1ly m\u00e1 firma v lokalit\u00e1ch Star\u00e9 Old\u0159\u016fvky a Podles\u00ed.<\/p>\n\n\n\n<p>Firma se py\u0161n\u00ed&nbsp;<strong>certifik\u00e1tem<\/strong>&nbsp;vyd\u00e1van\u00fdm na&nbsp;<strong>bioprodukty<\/strong>, kter\u00fd je na z\u00e1klad\u011b ka\u017edoro\u010dn\u00edch kladn\u00fdch v\u00fdsledk\u016f&nbsp;<strong>inspekce KEZ o.p.s.<\/strong>  vyd\u00e1v\u00e1n pro ekologick\u00e9 zem\u011bd\u011blce. Sv\u00e9 produkty d\u00edky tomu&nbsp; vyv\u00e1\u017e\u00edme do sousedn\u00edch zem\u00ed jako je Polsko, N\u011bmecko, Rakousko a Slovensko.<\/p>\n\n\n\n<p>Mezi dal\u0161\u00ed \u010dinnosti firmy pat\u0159\u00ed provoz&nbsp;<strong>\u010disti\u010dky, su\u0161i\u010dky, peletovac\u00ed linky<\/strong>, vykon\u00e1v\u00e1n\u00ed poln\u00edch prac\u00ed, z\u00e1vodn\u00ed stravov\u00e1n\u00ed a&nbsp;<strong>prodej nafty<\/strong>.<\/p>\n","protected":false},"excerpt":{"rendered":"<p>Obchodn\u011b zem\u011bd\u011blsk\u00e1 spole\u010dnost ZEMPOL, spol. s r. o.\u00a0se s\u00eddlem ve V\u00edtkov\u011b\u00a0 je ekologick\u00e1 spole\u010dnost zab\u00fdvaj\u00edc\u00ed se\u00a0produkc\u00ed ekologick\u00fdch plodin p\u011bstovan\u00fdch\u00a0aktu\u00e1ln\u011b na\u00a0 82,18 ha orn\u00e9 p\u016fdy. Jedn\u00e1 se p\u0159ev\u00e1\u017en\u011b o produkci\u00a0\u0161paldy, \u017eita, tritikale, pohanky, ho\u0159\u010dice na semeno, ovsa, jetele na semeno, vikve a pelu\u0161ky.D\u00e1le hospoda\u0159\u00ed na v\u00edce ne\u017e 1760 ha luk a pastvin v ekologii. Produkci na [&hellip;]<\/p>\n","protected":false},"author":2,"featured_media":0,"parent":0,"menu_order":0,"comment_status":"closed","ping_status":"closed","template":"","meta":[],"_links":{"self":[{"href":"https:\/\/zempol.cz\/index.php?rest_route=\/wp\/v2\/pages\/75"}],"collection":[{"href":"https:\/\/zempol.cz\/index.php?rest_route=\/wp\/v2\/pages"}],"about":[{"href":"https:\/\/zempol.cz\/index.php?rest_route=\/wp\/v2\/types\/page"}],"author":[{"embeddable":true,"href":"https:\/\/zempol.cz\/index.php?rest_route=\/wp\/v2\/users\/2"}],"replies":[{"embeddable":true,"href":"https:\/\/zempol.cz\/index.php?rest_route=%2Fwp%2Fv2%2Fcomments&post=75"}],"version-history":[{"count":6,"href":"https:\/\/zempol.cz\/index.php?rest_route=\/wp\/v2\/pages\/75\/revisions"}],"predecessor-version":[{"id":228,"href":"https:\/\/zempol.cz\/index.php?rest_route=\/wp\/v2\/pages\/75\/revisions\/228"}],"wp:attachment":[{"href":"https:\/\/zempol.cz\/index.php?rest_route=%2Fwp%2Fv2%2Fmedia&parent=75"}],"curies":[{"name":"wp","href":"https:\/\/api.w.org\/{rel}","templated":true}]}}