{"id":72,"date":"2020-08-07T02:22:51","date_gmt":"2020-08-07T02:22:51","guid":{"rendered":"http:\/\/zempol.cz\/?page_id=72"},"modified":"2021-09-14T11:52:19","modified_gmt":"2021-09-14T11:52:19","slug":"zempol","status":"publish","type":"page","link":"https:\/\/zempol.cz\/?page_id=72","title":{"rendered":"Historie ZEMPOL"},"content":{"rendered":"\n<p><strong>Obchodn\u011b zem\u011bd\u011blsk\u00e1 spole\u010dnost ZEMPOL, spol. s r.o.<\/strong>\u00a0se s\u00eddlem ve V\u00edtkov\u011b vznikla v roce 1991,  \u010dinnost v\u0161ak zah\u00e1jila 13. kv\u011btna 1993 na p\u016fd\u011b a nemovitostech pronajat\u00fdch od Pozemkov\u00e9ho fondu a restituent\u016f. Spole\u010dn\u011b s t\u00edm p\u0159evzala firma \u017eiv\u00fd a mrtv\u00fd invent\u00e1\u0159 od\u00a0 b\u00fdval\u00e9ho St\u00e1tn\u00edho statku V\u00edtkov\u00a0 na z\u00e1klad\u011b postoupen\u00ed pohled\u00e1vek pr\u00e1v\u011b ji\u017e zm\u00edn\u011bn\u00fdch restituent\u016f.<br>Firma za\u010dala hospoda\u0159it na farm\u011b ve Star\u00fdch Old\u0159\u016fvk\u00e1ch a k n\u00ed p\u0159idru\u017een\u00fdch polnostech v 11. lokalit\u00e1ch. Jmenovit\u011b to byly katastry obc\u00ed Podles\u00ed, Star\u00e9 Old\u0159\u016fvky, Budi\u0161ov nad Budi\u0161ovkou, Svato\u0148ovice, \u010cermn\u00e1, Star\u00e9 T\u011bchanovice, Lhotka, V\u00edtkov, Kloko\u010dov, Radkov a Mel\u010d.<br>O dva roky pozd\u011bji firma p\u0159ipojila farmu ve V\u00edtkov\u011b, aby eliminovala velk\u00e9 mno\u017estv\u00ed p\u0159ejezd\u016f.<br>Krom\u011b hospoda\u0159en\u00ed na orn\u00e9 p\u016fd\u011b (2 200 ha) a trval\u00fdch travn\u00edch porostech (730 ha) se firma zab\u00fdvala tak\u00e9 chovem skotu s produkc\u00ed ml\u00e9ka. Skot byl ust\u00e1jen v obc\u00edch Podles\u00ed, Star\u00e9 Old\u0159\u016fvky, Lhotka\u00a0 a Kloko\u010dov. Tento odchov, vzhledem k \u0161patn\u00e9 situaci na trhu s ml\u00e9kem a vzhledem k nevyhovuj\u00edc\u00edmu ust\u00e1jen\u00ed zv\u00ed\u0159at a nutnosti obrovsk\u00fdch investic do technologi\u00ed a budov, musela v roce 2000 firma\u00a0 ukon\u010dit. <br>Obdobn\u011b na tom byl i chov prasat,\u00a0kter\u00fd se ukon\u010doval postupn\u011b v Nov\u00fdch T\u011bchanovic\u00edch, Star\u00fdch Old\u0159\u016fvk\u00e1ch, V\u00edtkov\u011b a nakonec v roce 2000 i v posledn\u00edm vep\u0159\u00edn\u011b v Radkov\u011b.<br>Chov jate\u010dn\u00fdch kr\u016ft, kter\u00fd firma provozovala od sv\u00e9ho po\u010d\u00e1tku, pak v roce 1996 roz\u0161\u00ed\u0159ila o v\u00fdkrm jate\u010dn\u00fdch brojler\u016f.<br><br>P\u0159elomov\u00fd z hlediska historie firmy se stal rok 2000,\u00a0 kdy firma p\u0159e\u0161la na\u00a0<strong>ekologick\u00e9 hospoda\u0159en\u00ed<\/strong>\u00a0a od 1. 1. 2002 byla registrov\u00e1na jako\u00a0<strong>ekofarma<\/strong>.<br><br>Na z\u00e1klad\u011b tohoto rozhodnut\u00ed bylo nutno rozd\u011blit v\u00fdrobu na\u00a0<strong>ekologickou<\/strong>\u00a0a\u00a0<strong>neekologickou<\/strong>. Neekologickou v\u00fdrobu zast\u0159e\u0161ila nov\u011b vznikl\u00e1\u00a0<strong>spole\u010dnost OZS-ZEMPOL<\/strong> s. r. o. Ta realizuje pouze konven\u010dn\u00ed v\u00fdrobu plodin na orn\u00e9 p\u016fd\u011b. Na z\u00e1klad\u011b legislativn\u00edch zm\u011bn, kter\u00e9 prob\u011bhly, pak bylo nutn\u00e9 k 1. 4. 2012 p\u0159ev\u00e9st tak\u00e9 v\u00fdkrm jate\u010dn\u00fdch brojler\u016f a kr\u016ft pod tuto spole\u010dnost.\u00a0 Po tomto datu se tak\u00a0<strong>Obchodn\u011b zem\u011bd\u011blsk\u00e1 spole\u010dnost ZEMPOL<\/strong>, spol. s r. o.\u00a0stala\u00a0 firmou pouze s\u00a0<strong>ekologickou produkc\u00ed<\/strong>.<br><br>O \u010dinnost v oblasti\u00a0<strong>\u017eivo\u010di\u0161n\u00e9 v\u00fdroby<\/strong>\u00a0v\u0161ak firma nep\u0159i\u0161la. St\u00e1da skotu d\u0159\u00edve vyu\u017e\u00edvan\u00e1 k produkci ml\u00e9ka, byla p\u0159etransponov\u00e1na na odchov pasouc\u00edho se dobytka bez tr\u017en\u00ed produkce ml\u00e9ka.\u00a0 A spole\u010dn\u011b s t\u00edm bylo p\u0159ed\u011bl\u00e1no ust\u00e1jen\u00ed v krav\u00ednech z vazn\u00e9ho na voln\u00e9 s v\u00fdb\u011bhem. Krev st\u00e1da byla o\u017eivena o odoln\u011bj\u0161\u00ed\u00a0<strong>masn\u00e1 plemena Limousine a Charolais<\/strong> vhodn\u011bj\u0161\u00ed k tomuto typu chovu. Dobytek je pasen na pastvin\u00e1ch ve Lhotce, Star\u00fdch Old\u0159\u016fvk\u00e1ch a Podles\u00ed a pouze na zimu je stahov\u00e1n do p\u0159ilehl\u00fdch krav\u00edn\u016f s v\u00fdb\u011bhem, kde m\u00e1 ochranu p\u0159ed pov\u011btrnostn\u00edmi vlivy a jsou zaji\u0161t\u011bny v\u0161echny jeho pot\u0159eby. Zde prob\u00edh\u00e1 tak\u00e9 jeho t\u0159\u00edd\u011bn\u00ed, o\u0161et\u0159ov\u00e1n\u00ed a p\u0159\u00edpadn\u00e1 l\u00e9\u010dba (paznehty, o\u010dkov\u00e1n\u00ed).<br><br>Od roku 1999 firma tak\u00e9 provozuje<strong>\u00a0\u010disti\u010dku se su\u0161i\u010dkou<\/strong>, na kter\u00e9 upravuje svou produkci vyrobenou na orn\u00e9 p\u016fd\u011b.\u00a0 Nej\u010dast\u011bji se jedn\u00e1\u00a0 o \u010di\u0161t\u011bn\u00ed a p\u0159\u00edpadn\u00e9\u00a0<strong>su\u0161en\u00ed ekologick\u00e9ho tritikale, pohanky, \u0161paldy<\/strong>,\u00a0<strong>ho\u0159\u010dice na semeno<\/strong>,\u00a0<strong>ovsa<\/strong>\u00a0ale i\u00a0<strong>pelu\u0161ky<\/strong>\u00a0\u010di\u00a0<strong>vikve<\/strong>.<br>Krom\u011b su\u0161en\u00ed a \u010di\u0161t\u011bn\u00ed pro ciz\u00ed je vykon\u00e1v\u00e1n\u00ed poln\u00edch prac\u00ed, dopravy a jin\u00fdch slu\u017eeb velmi v\u00fdznamn\u00fdm p\u0159\u00edjmem v rozpo\u010dtu firmy.<br><br>Dal\u0161\u00ed roz\u0161\u00ed\u0159en\u00ed \u010dinnost\u00ed firmy pak nastalo na podzim roku 2012, kdy zah\u00e1jila\u00a0<strong>provoz pelet\u00e1rny<\/strong>. Postupn\u011b se\u00a0tento provoz roz\u0161i\u0159uje o skladovac\u00ed prostory (z\u00e1sobn\u00edky), aby bylo mo\u017eno zajistit pln\u00fd re\u00e1ln\u00fd v\u00fdkon linky je\u017e \u010din\u00ed p\u0159i dvousm\u011bnn\u00e9m provozu 55 t t\u00fddn\u011b. Na peletovac\u00ed lince se zpracov\u00e1vaj\u00ed p\u0159ev\u00e1\u017en\u011b nadbytky ve v\u00fdrob\u011b ekologick\u00e9 objemov\u00e9 p\u00edce (seno) vyprodukovan\u00e9 na pozemc\u00edch firmy.<\/p>\n","protected":false},"excerpt":{"rendered":"<p>Obchodn\u011b zem\u011bd\u011blsk\u00e1 spole\u010dnost ZEMPOL, spol. s r.o.\u00a0se s\u00eddlem ve V\u00edtkov\u011b vznikla v roce 1991, \u010dinnost v\u0161ak zah\u00e1jila 13. kv\u011btna 1993 na p\u016fd\u011b a nemovitostech pronajat\u00fdch od Pozemkov\u00e9ho fondu a restituent\u016f. Spole\u010dn\u011b s t\u00edm p\u0159evzala firma \u017eiv\u00fd a mrtv\u00fd invent\u00e1\u0159 od\u00a0 b\u00fdval\u00e9ho St\u00e1tn\u00edho statku V\u00edtkov\u00a0 na z\u00e1klad\u011b postoupen\u00ed pohled\u00e1vek pr\u00e1v\u011b ji\u017e zm\u00edn\u011bn\u00fdch restituent\u016f.Firma za\u010dala hospoda\u0159it na [&hellip;]<\/p>\n","protected":false},"author":2,"featured_media":0,"parent":0,"menu_order":0,"comment_status":"closed","ping_status":"closed","template":"","meta":[],"_links":{"self":[{"href":"https:\/\/zempol.cz\/index.php?rest_route=\/wp\/v2\/pages\/72"}],"collection":[{"href":"https:\/\/zempol.cz\/index.php?rest_route=\/wp\/v2\/pages"}],"about":[{"href":"https:\/\/zempol.cz\/index.php?rest_route=\/wp\/v2\/types\/page"}],"author":[{"embeddable":true,"href":"https:\/\/zempol.cz\/index.php?rest_route=\/wp\/v2\/users\/2"}],"replies":[{"embeddable":true,"href":"https:\/\/zempol.cz\/index.php?rest_route=%2Fwp%2Fv2%2Fcomments&post=72"}],"version-history":[{"count":5,"href":"https:\/\/zempol.cz\/index.php?rest_route=\/wp\/v2\/pages\/72\/revisions"}],"predecessor-version":[{"id":220,"href":"https:\/\/zempol.cz\/index.php?rest_route=\/wp\/v2\/pages\/72\/revisions\/220"}],"wp:attachment":[{"href":"https:\/\/zempol.cz\/index.php?rest_route=%2Fwp%2Fv2%2Fmedia&parent=72"}],"curies":[{"name":"wp","href":"https:\/\/api.w.org\/{rel}","templated":true}]}}