{"id":135,"date":"2020-08-08T13:23:28","date_gmt":"2020-08-08T13:23:28","guid":{"rendered":"http:\/\/zempol.cz\/?page_id=135"},"modified":"2025-10-16T12:41:37","modified_gmt":"2025-10-16T11:41:37","slug":"zavodni-stravovani","status":"publish","type":"page","link":"https:\/\/zempol.cz\/?page_id=135","title":{"rendered":"Z\u00e1vodn\u00ed stravov\u00e1n\u00ed"},"content":{"rendered":"\n<p><strong>J\u00eddeln\u00ed\u010dky najdete  na facebook    Zempol kuchy\u0148<\/strong><\/p>\n\n\n\n<p><\/p>\n\n\n\n<p><strong>Ceny stravn\u00e9ho od 1.11.1025<\/strong><\/p>\n\n\n\n<p>Stravn\u00e9 bez dopravy                         95K\u010d<\/p>\n\n\n\n<p>Stravn\u00e9 s dopravou ve V\u00edtkov\u011b         109 K\u010d.<\/p>\n\n\n\n<p>Stravn\u00e9 s dopravou mimo V\u00edtkov     111 K\u010d<\/p>\n\n\n\n<p>Stravn\u00e9 do krabi\u010dky                           120 K\u010d<\/p>\n\n\n\n<p>V\u00fd\u0161e uveden\u00e9 ceny jsou s DPH.<\/p>\n\n\n\n<p>J<strong>\u00eddeln\u00ed\u010dky najdete i na facebook   <\/strong> <strong>Zempol kuchy\u0148<\/strong><\/p>\n","protected":false},"excerpt":{"rendered":"<p>J\u00eddeln\u00ed\u010dky najdete na facebook Zempol kuchy\u0148 Ceny stravn\u00e9ho od 1.11.1025 Stravn\u00e9 bez dopravy 95K\u010d Stravn\u00e9 s dopravou ve V\u00edtkov\u011b 109 K\u010d. Stravn\u00e9 s dopravou mimo V\u00edtkov 111 K\u010d Stravn\u00e9 do krabi\u010dky 120 K\u010d V\u00fd\u0161e uveden\u00e9 ceny jsou s DPH. J\u00eddeln\u00ed\u010dky najdete i na facebook Zempol kuchy\u0148<\/p>\n","protected":false},"author":2,"featured_media":0,"parent":0,"menu_order":0,"comment_status":"closed","ping_status":"closed","template":"","meta":[],"_links":{"self":[{"href":"https:\/\/zempol.cz\/index.php?rest_route=\/wp\/v2\/pages\/135"}],"collection":[{"href":"https:\/\/zempol.cz\/index.php?rest_route=\/wp\/v2\/pages"}],"about":[{"href":"https:\/\/zempol.cz\/index.php?rest_route=\/wp\/v2\/types\/page"}],"author":[{"embeddable":true,"href":"https:\/\/zempol.cz\/index.php?rest_route=\/wp\/v2\/users\/2"}],"replies":[{"embeddable":true,"href":"https:\/\/zempol.cz\/index.php?rest_route=%2Fwp%2Fv2%2Fcomments&post=135"}],"version-history":[{"count":64,"href":"https:\/\/zempol.cz\/index.php?rest_route=\/wp\/v2\/pages\/135\/revisions"}],"predecessor-version":[{"id":490,"href":"https:\/\/zempol.cz\/index.php?rest_route=\/wp\/v2\/pages\/135\/revisions\/490"}],"wp:attachment":[{"href":"https:\/\/zempol.cz\/index.php?rest_route=%2Fwp%2Fv2%2Fmedia&parent=135"}],"curies":[{"name":"wp","href":"https:\/\/api.w.org\/{rel}","templated":true}]}}