{"id":114,"date":"2020-08-07T04:47:43","date_gmt":"2020-08-07T04:47:43","guid":{"rendered":"http:\/\/zempol.cz\/?page_id=114"},"modified":"2021-10-01T08:19:58","modified_gmt":"2021-10-01T08:19:58","slug":"sidlo-firmy","status":"publish","type":"page","link":"https:\/\/zempol.cz\/?page_id=114","title":{"rendered":"S\u00eddlo firmy"},"content":{"rendered":"\n<figure class=\"wp-block-image size-large\"><img loading=\"lazy\" width=\"300\" height=\"200\" src=\"http:\/\/zempol.cz\/wp-content\/uploads\/2020\/08\/sidlo_firmy.png\" alt=\"\" class=\"wp-image-115\"\/><figcaption>Administrativn\u00ed budova a jednatelstv\u00ed<\/figcaption><\/figure>\n\n\n\n<h5>Obchodn\u011b zem\u011bd\u011blsk\u00e1 spole\u010dnost ZEMPOL, spol. s r. o.<\/h5>\n\n\n\n<p>Wolkerova 485<br>749 01 V\u00edtkov<\/p>\n\n\n\n<h5>OZS-ZEMPOL  s. r.o.<\/h5>\n\n\n\n<p>Wolkerova 485<br>749 01 V\u00edtkov<\/p>\n\n\n\n<p><\/p>\n","protected":false},"excerpt":{"rendered":"<p>Obchodn\u011b zem\u011bd\u011blsk\u00e1 spole\u010dnost ZEMPOL, spol. s r. o. Wolkerova 485749 01 V\u00edtkov OZS-ZEMPOL s. r.o. Wolkerova 485749 01 V\u00edtkov<\/p>\n","protected":false},"author":1,"featured_media":0,"parent":0,"menu_order":0,"comment_status":"closed","ping_status":"closed","template":"","meta":[],"_links":{"self":[{"href":"https:\/\/zempol.cz\/index.php?rest_route=\/wp\/v2\/pages\/114"}],"collection":[{"href":"https:\/\/zempol.cz\/index.php?rest_route=\/wp\/v2\/pages"}],"about":[{"href":"https:\/\/zempol.cz\/index.php?rest_route=\/wp\/v2\/types\/page"}],"author":[{"embeddable":true,"href":"https:\/\/zempol.cz\/index.php?rest_route=\/wp\/v2\/users\/1"}],"replies":[{"embeddable":true,"href":"https:\/\/zempol.cz\/index.php?rest_route=%2Fwp%2Fv2%2Fcomments&post=114"}],"version-history":[{"count":7,"href":"https:\/\/zempol.cz\/index.php?rest_route=\/wp\/v2\/pages\/114\/revisions"}],"predecessor-version":[{"id":256,"href":"https:\/\/zempol.cz\/index.php?rest_route=\/wp\/v2\/pages\/114\/revisions\/256"}],"wp:attachment":[{"href":"https:\/\/zempol.cz\/index.php?rest_route=%2Fwp%2Fv2%2Fmedia&parent=114"}],"curies":[{"name":"wp","href":"https:\/\/api.w.org\/{rel}","templated":true}]}}