{"id":111,"date":"2020-08-07T04:39:06","date_gmt":"2020-08-07T04:39:06","guid":{"rendered":"http:\/\/zempol.cz\/?page_id=111"},"modified":"2021-09-07T18:16:17","modified_gmt":"2021-09-07T18:16:17","slug":"zverina","status":"publish","type":"page","link":"https:\/\/zempol.cz\/?page_id=111","title":{"rendered":"Zv\u011b\u0159ina"},"content":{"rendered":"\n<p>P\u0159\u00edpadn\u00e9 z\u00e1jemce o koupi zv\u011b\u0159iny m\u016f\u017eeme pot\u011b\u0161it, nebo\u0165 po domluv\u011b prod\u00e1v\u00e1me vyvr\u017een\u00e9 a vychlazen\u00e9 kusy i na drobno. Informujte se na telefonn\u00edm \u010d\u00edsle <strong>602 761 142<\/strong> Ing. Mareth.<\/p>\n\n\n\n<figure class=\"wp-block-image size-large\"><img loading=\"lazy\" width=\"200\" height=\"267\" src=\"http:\/\/zempol.cz\/wp-content\/uploads\/2020\/08\/zverina.jpg\" alt=\"\" class=\"wp-image-129\"\/><\/figure>\n\n\n\n<p><\/p>\n","protected":false},"excerpt":{"rendered":"<p>P\u0159\u00edpadn\u00e9 z\u00e1jemce o koupi zv\u011b\u0159iny m\u016f\u017eeme pot\u011b\u0161it, nebo\u0165 po domluv\u011b prod\u00e1v\u00e1me vyvr\u017een\u00e9 a vychlazen\u00e9 kusy i na drobno. Informujte se na telefonn\u00edm \u010d\u00edsle 602 761 142 Ing. Mareth.<\/p>\n","protected":false},"author":2,"featured_media":0,"parent":0,"menu_order":0,"comment_status":"closed","ping_status":"closed","template":"","meta":[],"_links":{"self":[{"href":"https:\/\/zempol.cz\/index.php?rest_route=\/wp\/v2\/pages\/111"}],"collection":[{"href":"https:\/\/zempol.cz\/index.php?rest_route=\/wp\/v2\/pages"}],"about":[{"href":"https:\/\/zempol.cz\/index.php?rest_route=\/wp\/v2\/types\/page"}],"author":[{"embeddable":true,"href":"https:\/\/zempol.cz\/index.php?rest_route=\/wp\/v2\/users\/2"}],"replies":[{"embeddable":true,"href":"https:\/\/zempol.cz\/index.php?rest_route=%2Fwp%2Fv2%2Fcomments&post=111"}],"version-history":[{"count":3,"href":"https:\/\/zempol.cz\/index.php?rest_route=\/wp\/v2\/pages\/111\/revisions"}],"predecessor-version":[{"id":211,"href":"https:\/\/zempol.cz\/index.php?rest_route=\/wp\/v2\/pages\/111\/revisions\/211"}],"wp:attachment":[{"href":"https:\/\/zempol.cz\/index.php?rest_route=%2Fwp%2Fv2%2Fmedia&parent=111"}],"curies":[{"name":"wp","href":"https:\/\/api.w.org\/{rel}","templated":true}]}}