{"id":105,"date":"2020-08-07T04:27:17","date_gmt":"2020-08-07T04:27:17","guid":{"rendered":"http:\/\/zempol.cz\/?page_id=105"},"modified":"2021-09-07T18:14:15","modified_gmt":"2021-09-07T18:14:15","slug":"kurata","status":"publish","type":"page","link":"https:\/\/zempol.cz\/?page_id=105","title":{"rendered":"Ku\u0159ata"},"content":{"rendered":"\n<p style=\"font-size:35px\"><strong>Chlazen\u00e1 ku\u0159ata ji\u017e neprod\u00e1v\u00e1me!!!<\/strong><\/p>\n","protected":false},"excerpt":{"rendered":"<p>Chlazen\u00e1 ku\u0159ata ji\u017e neprod\u00e1v\u00e1me!!!<\/p>\n","protected":false},"author":2,"featured_media":0,"parent":0,"menu_order":0,"comment_status":"closed","ping_status":"closed","template":"","meta":[],"_links":{"self":[{"href":"https:\/\/zempol.cz\/index.php?rest_route=\/wp\/v2\/pages\/105"}],"collection":[{"href":"https:\/\/zempol.cz\/index.php?rest_route=\/wp\/v2\/pages"}],"about":[{"href":"https:\/\/zempol.cz\/index.php?rest_route=\/wp\/v2\/types\/page"}],"author":[{"embeddable":true,"href":"https:\/\/zempol.cz\/index.php?rest_route=\/wp\/v2\/users\/2"}],"replies":[{"embeddable":true,"href":"https:\/\/zempol.cz\/index.php?rest_route=%2Fwp%2Fv2%2Fcomments&post=105"}],"version-history":[{"count":2,"href":"https:\/\/zempol.cz\/index.php?rest_route=\/wp\/v2\/pages\/105\/revisions"}],"predecessor-version":[{"id":210,"href":"https:\/\/zempol.cz\/index.php?rest_route=\/wp\/v2\/pages\/105\/revisions\/210"}],"wp:attachment":[{"href":"https:\/\/zempol.cz\/index.php?rest_route=%2Fwp%2Fv2%2Fmedia&parent=105"}],"curies":[{"name":"wp","href":"https:\/\/api.w.org\/{rel}","templated":true}]}}